{"id":7687,"date":"2024-08-15T20:32:30","date_gmt":"2024-08-15T20:32:30","guid":{"rendered":"https:\/\/bangcreativo.com\/?page_id=7687"},"modified":"2024-08-16T06:27:42","modified_gmt":"2024-08-16T06:27:42","slug":"about-us","status":"publish","type":"page","link":"https:\/\/bangcreativo.com\/es\/about-us\/","title":{"rendered":"Nosotros"},"content":{"rendered":"<div id=\"intro\"  data-column-margin=\"default\" data-midnight=\"light\" data-top-percent=\"5%\" data-nectar-animated-gradient-settings=\"{&quot;color_1&quot;:&quot;#0066ff&quot;,&quot;color_2&quot;:&quot;#6913f7&quot;,&quot;speed&quot;:&quot;1300&quot;,&quot;blending_mode&quot;:&quot;linear&quot;}\"  class=\"wpb_row vc_row-fluid vc_row full-width-section vc_row-o-full-height vc_row-o-columns-middle vc_row-o-equal-height vc_row-flex vc_row-o-content-middle\"  style=\"padding-top: calc(100vw * 0.05); padding-bottom: 0px; \"><div class=\"row-bg-wrap has-animated-gradient\" data-bg-animation=\"none\" data-bg-animation-delay=\"\" data-bg-overlay=\"false\"><div class=\"inner-wrap row-bg-layer\" ><div class=\"row-bg viewport-desktop using-bg-color\"  style=\"background-color: #000000; \"><\/div><\/div><div class=\"row-bg-overlay row-bg-layer\" style=\"background:linear-gradient(0deg, rgba(0,0,0,255) 4%, rgba(0,0,0,0.286) 41%, rgba(243,243,243,0) 90%);\"><\/div><\/div><ul class=\"nectar-parallax-scene row-bg-layer\" data-scene-position=\"center\" data-scene-strength=\"10\"><li class=\"layer\" data-depth=\"0.00\"><\/li><li class=\"layer\" data-depth=\".20\"><div style=\"background-image:url('https:\/\/bangcreativo.com\/rabomon\/uploads\/2024\/03\/header-banner_aboutbang.png');\"><\/div><\/li><\/ul><div class=\"row_col_wrap_12 col span_12 light left\">\n\t<div  class=\"vc_col-sm-12 wpb_column column_container vc_column_container col no-extra-padding inherit_tablet inherit_phone\"  data-padding-pos=\"all\" data-has-bg-color=\"false\" data-bg-color=\"\" data-bg-opacity=\"1\" data-animation=\"\" data-delay=\"0\" >\n\t\t<div class=\"vc_column-inner\" >\n\t\t\t<div class=\"wpb_wrapper\">\n\t\t\t\t<h1 style=\"font-size: 56px;line-height: 57px;text-align: left\" class=\"vc_custom_heading wpb_animate_when_almost_visible wpb_fadeInUp fadeInUp\" >Somos Bang Creativo<\/h1><h2 style=\"font-size: 42px;line-height: 57px;text-align: left\" class=\"vc_custom_heading wpb_animate_when_almost_visible wpb_fadeInUp fadeInUp\" >Tu Agencia Creativa de Dise\u00f1o<\/h2><div id=\"fws_69ea25c68da46\" data-midnight=\"\" data-column-margin=\"40px\" class=\"wpb_row vc_row-fluid vc_row inner_row vc_row-o-equal-height vc_row-flex\"  style=\"\"><div class=\"row-bg-wrap\"> <div class=\"row-bg\" ><\/div> <\/div><div class=\"row_col_wrap_12_inner col span_12  left\">\n\t<div  class=\"vc_col-sm-6 wpb_column column_container vc_column_container col child_column no-extra-padding inherit_tablet inherit_phone\"   data-padding-pos=\"all\" data-has-bg-color=\"false\" data-bg-color=\"\" data-bg-opacity=\"1\" data-animation=\"\" data-delay=\"0\" >\n\t\t<div class=\"vc_column-inner\" >\n\t\t<div class=\"wpb_wrapper\">\n\t\t\t\n<div class=\"wpb_text_column wpb_content_element  wpb_animate_when_almost_visible wpb_fadeInUp fadeInUp vc_custom_1711432584579\" >\n\t<div class=\"wpb_wrapper\">\n\t\t<p>Bang Creativo es tu socio de confianza en materia de dise\u00f1o creativo, con sedes estrat\u00e9gicas en San Diego, EE. UU., y Tijuana, M\u00e9xico, pero que atiende a clientes de todo el mundo. Con m\u00e1s de 15 a\u00f1os de experiencia colectiva, nuestro din\u00e1mico equipo crea soluciones a medida adaptadas a las necesidades individuales de tu marca.<\/p>\n<p>Nuestra misi\u00f3n es clara: elevar su marca a trav\u00e9s de estrategias estrat\u00e9gicas de marketing, publicidad y comunicaci\u00f3n espec\u00edficas.<\/p>\n\t<\/div>\n<\/div>\n\n\n\n\n\t\t<\/div> \n\t<\/div>\n\t<\/div> \n\n\t<div  class=\"vc_col-sm-6 wpb_column column_container vc_column_container col child_column no-extra-padding inherit_tablet inherit_phone\"   data-padding-pos=\"all\" data-has-bg-color=\"false\" data-bg-color=\"\" data-bg-opacity=\"1\" data-animation=\"\" data-delay=\"0\" >\n\t\t<div class=\"vc_column-inner\" >\n\t\t<div class=\"wpb_wrapper\">\n\t\t\t\n<div class=\"wpb_text_column wpb_content_element  wpb_animate_when_almost_visible wpb_fadeInUp fadeInUp vc_custom_1711432579830\" >\n\t<div class=\"wpb_wrapper\">\n\t\t<p>Nos enorgullecemos de nuestra adaptabilidad, garantizando que cada proyecto se alinee perfectamente con tus objetivos \u00fanicos, impulsando un \u00e9xito incomparable y asegurando que tu marca resuene en el mercado.<\/p>\n<p>En esencia, defendemos la creatividad como la soluci\u00f3n definitiva para alcanzar sus objetivos.<\/p>\n\t<\/div>\n<\/div>\n\n\n\n\n\t\t<\/div> \n\t<\/div>\n\t<\/div> \n<\/div><\/div><div class=\"divider-wrap\" data-alignment=\"default\"><div style=\"height: 50px;\" class=\"divider\"><\/div><\/div><div class=\"nectar-next-section-wrap minimal-arrow alignment_tablet_default alignment_phone_default display_tablet_inherit display_phone_inherit\"  data-align=\"center\" data-custom-color=\"true\">\n    <a href=\"#\" class=\"nectar-next-section skip-hash\">\n      <span class=\"screen-reader-text\">Navigate to the next section<\/span>\n      <svg class=\"next-arrow\" width=\"40px\" height=\"68px\" viewbox=\"0 0 40 50\" xml:space=\"preserve\">\n      <path stroke=\"#f4f4f4\" stroke-width=\"2\" fill=\"none\" d=\"M 20 0 L 20 51\"><\/path>\n      <polyline stroke=\"#f4f4f4\" stroke-width=\"2\" fill=\"none\" points=\"12, 44 20, 52 28, 44\"><\/polyline>\n      <\/svg>\n    <\/a>\n  <\/div>\n\t\t\t<\/div> \n\t\t<\/div>\n\t<\/div> \n<\/div><\/div>\n\t\t<div id=\"fws_69ea25c68e3c6\"  data-column-margin=\"default\" data-midnight=\"dark\" data-top-percent=\"4%\" data-bottom-percent=\"4%\"  class=\"wpb_row vc_row-fluid vc_row full-width-section\"  style=\"padding-top: calc(100vw * 0.04); padding-bottom: calc(100vw * 0.04); \"><div class=\"row-bg-wrap\" data-bg-animation=\"none\" data-bg-animation-delay=\"\" data-bg-overlay=\"false\"><div class=\"inner-wrap row-bg-layer using-image\" ><div class=\"row-bg viewport-desktop using-image using-bg-color\"  style=\"background-image: url(https:\/\/bangcreativo.com\/rabomon\/uploads\/2024\/03\/back_banner.jpg); background-position: left top; background-repeat: no-repeat; background-color: #f5f5f7; \"><\/div><\/div><\/div><div class=\"row_col_wrap_12 col span_12 dark left\">\n\t<div  class=\"vc_col-sm-12 wpb_column column_container vc_column_container col no-extra-padding inherit_tablet inherit_phone\"  data-padding-pos=\"all\" data-has-bg-color=\"false\" data-bg-color=\"\" data-bg-opacity=\"1\" data-animation=\"\" data-delay=\"0\" >\n\t\t<div class=\"vc_column-inner\" >\n\t\t\t<div class=\"wpb_wrapper\">\n\t\t\t\t<h5 style=\"color: #bfbfbf;text-align: center\" class=\"vc_custom_heading wpb_animate_when_almost_visible wpb_fadeInUp fadeInUp vc_custom_1711431193024\" >Nuestros Clientes Destacados<\/h5>\t\n\t<div class=\"carousel-wrap\">\n\t\t<div class=\"row carousel clients six-cols\" data-he=\"opacity\" data-additional_padding=\"4\" data-max=\"6\">\n\t\t\t\t<div><a href=\"https:\/\/www.bajamedgroup.com\/\" target=\"_blank\">\n\t\t<img loading=\"lazy\" decoding=\"async\" src=\"https:\/\/bangcreativo.com\/rabomon\/uploads\/2022\/04\/clientBaja.png\" alt=\"client\" width=\"250\" height=\"148\" \/>\t<\/a><\/div>\n\t<div><a href=\"https:\/\/www.cetys.mx\/\" target=\"_blank\">\n\t\t<img loading=\"lazy\" decoding=\"async\" src=\"https:\/\/bangcreativo.com\/rabomon\/uploads\/2022\/04\/clientCETYS.png\" alt=\"client\" width=\"250\" height=\"148\" \/>\t<\/a><\/div>\n\t<div><a href=\"https:\/\/spiresandiego.com\/\" target=\"_blank\">\n\t\t<img loading=\"lazy\" decoding=\"async\" src=\"https:\/\/bangcreativo.com\/rabomon\/uploads\/2022\/04\/clientSpire.png\" alt=\"client\" width=\"250\" height=\"148\" \/>\t<\/a><\/div>\n\t<div><a href=\"https:\/\/pinnacleonthepark.com\/\" target=\"_blank\">\n\t\t<img loading=\"lazy\" decoding=\"async\" src=\"https:\/\/bangcreativo.com\/rabomon\/uploads\/2022\/04\/clientPinnacle.png\" alt=\"client\" width=\"250\" height=\"148\" \/>\t<\/a><\/div>\n\t<div><a href=\"https:\/\/nicheaim.com\/\" target=\"_blank\">\n\t\t<img loading=\"lazy\" decoding=\"async\" src=\"https:\/\/bangcreativo.com\/rabomon\/uploads\/2022\/04\/clientNiche.png\" alt=\"client\" width=\"250\" height=\"148\" \/>\t<\/a><\/div>\n\t<div><a href=\"https:\/\/www.sterenusa.com\/\" target=\"_blank\">\n\t\t<img loading=\"lazy\" decoding=\"async\" src=\"https:\/\/bangcreativo.com\/rabomon\/uploads\/2022\/04\/clientSteren.png\" alt=\"client\" width=\"250\" height=\"148\" \/>\t<\/a><\/div>\n\t<div><a href=\"https:\/\/www.roswellbiotech.com\/\" target=\"_blank\">\n\t\t<img loading=\"lazy\" decoding=\"async\" src=\"https:\/\/bangcreativo.com\/rabomon\/uploads\/2022\/04\/clientRoswellBio.png\" alt=\"client\" width=\"250\" height=\"148\" \/>\t<\/a><\/div>\n\t<div><a href=\"https:\/\/peoplethrust.com\/\" target=\"_blank\">\n\t\t<img loading=\"lazy\" decoding=\"async\" src=\"https:\/\/bangcreativo.com\/rabomon\/uploads\/2022\/04\/clientPT.png\" alt=\"client\" width=\"250\" height=\"148\" \/>\t<\/a><\/div>\n\t<div><a href=\"https:\/\/www.elrocktagono.com\/\" target=\"_blank\">\n\t\t<img loading=\"lazy\" decoding=\"async\" src=\"https:\/\/bangcreativo.com\/rabomon\/uploads\/2022\/04\/clientRocktagono.png\" alt=\"client\" width=\"250\" height=\"148\" \/>\t<\/a><\/div>\n\t<div><a href=\"https:\/\/broadwaytowers.com\/\" target=\"_blank\">\n\t\t<img loading=\"lazy\" decoding=\"async\" src=\"https:\/\/bangcreativo.com\/rabomon\/uploads\/2024\/02\/client-broadway.png\" alt=\"client\" width=\"250\" height=\"148\" \/>\t<\/a><\/div>\n\t\t<\/div>\n\t<\/div>\n\t\n\n\t\t\t<\/div> \n\t\t<\/div>\n\t<\/div> \n<\/div><\/div>\n\t\t<div id=\"fws_69ea25c68fb13\"  data-column-margin=\"default\" data-midnight=\"light\"  class=\"wpb_row vc_row-fluid vc_row full-width-section vc_row-o-full-height vc_row-o-columns-middle vc_row-o-equal-height vc_row-flex vc_row-o-content-middle  top_padding_tablet_20pct top_padding_phone_20pct bottom_padding_tablet_20pct bottom_padding_phone_20pct\"  style=\"padding-top: 0px; padding-bottom: 0px; \"><div class=\"row-bg-wrap\" data-bg-animation=\"zoom-out-slow\" data-bg-animation-delay=\"\" data-bg-overlay=\"false\"><div class=\"inner-wrap row-bg-layer\" ><div class=\"row-bg viewport-desktop\"  style=\"\"><\/div><\/div><div class=\"row-bg-overlay row-bg-layer\" style=\"background:linear-gradient(0deg, rgba(0,0,0,255) 2%, rgba(0,0,0,0.426) 24%, rgba(0,0,0,0) 48%, rgba(0,0,0,0.187) 66%, rgba(0,0,0,255) 96%);\"><\/div><\/div>\n\t\t\t<div class=\"video-color-overlay row-bg-layer\" data-color=\"\"><\/div>\n\t\t\t\n\t\t\t<div class=\"nectar-video-wrap row-bg-layer\" data-bg-alignment=\"\">\n\t\t\t\t<div class=\"nectar-video-inner\">\n\t\t\t\t<video class=\"nectar-video-bg\" width=\"1800\" height=\"700\" preload=\"auto\" loop autoplay muted playsinline><source src=\"https:\/\/bangcreativo.com\/rabomon\/uploads\/2024\/02\/big-bang.mp4\"  type=\"video\/mp4\"><\/video>    \t\t<\/div>\n\t\t\t <\/div>\n\n\t\t\t<div class=\"row_col_wrap_12 col span_12 light left\">\n\t<div  class=\"vc_col-sm-8 wpb_column column_container vc_column_container col no-extra-padding inherit_tablet inherit_phone\"  data-padding-pos=\"all\" data-has-bg-color=\"false\" data-bg-color=\"\" data-bg-opacity=\"1\" data-animation=\"\" data-delay=\"0\" >\n\t\t<div class=\"vc_column-inner\" >\n\t\t\t<div class=\"wpb_wrapper\">\n\t\t\t\t<div id=\"fws_69ea25c68fe32\" data-midnight=\"\" data-column-margin=\"default\" class=\"wpb_row vc_row-fluid vc_row inner_row\"  style=\"\"><div class=\"row-bg-wrap\"> <div class=\"row-bg\" ><\/div> <\/div><div class=\"row_col_wrap_12_inner col span_12  left\">\n\t<div  class=\"vc_col-sm-12 wpb_column column_container vc_column_container col child_column no-extra-padding inherit_tablet inherit_phone\"   data-padding-pos=\"bottom\" data-has-bg-color=\"false\" data-bg-color=\"\" data-bg-opacity=\"1\" data-animation=\"\" data-delay=\"0\" >\n\t\t<div class=\"vc_column-inner\" >\n\t\t<div class=\"wpb_wrapper\">\n\t\t\t<h5 style=\"color: #bfbfbf;text-align: left\" class=\"vc_custom_heading wpb_animate_when_almost_visible wpb_slideInUp slideInUp vc_custom_1708656012815\" >\u00bfY el nombre?<\/h5><h3 style=\"font-size: 45px;color: #bfbfbf;line-height: 55px;text-align: left\" class=\"vc_custom_heading wpb_animate_when_almost_visible wpb_slideInUp slideInUp vc_custom_1723789649460\" >Bang Creativo: C\u00f3mo encender la creatividad con innovaci\u00f3n explosiva<\/h3>\n\t\t<\/div> \n\t<\/div>\n\t<\/div> \n<\/div><\/div>\n<div class=\"wpb_text_column wpb_content_element  wpb_animate_when_almost_visible wpb_slideInUp slideInUp\" >\n\t<div class=\"wpb_wrapper\">\n\t\t<p><span style=\"font-weight: 400;\">Nuestro nombre, Bang Creativo, encarna la creatividad explosiva. Como fuegos artificiales en el cielo nocturno, Bang representa nuestro enfoque en\u00e9rgico, mientras que Creativo, inspirado en la palabra espa\u00f1ola para creativo, significa nuestro compromiso con la originalidad y la innovaci\u00f3n.<\/span><\/p>\n<p><span style=\"font-weight: 400;\">Juntos, Bang y Creativo forman una sinergia din\u00e1mica que infunde creatividad y experiencia en cada proyecto. Piensa en nosotros como visionarios, narradores de historias y creadores de experiencias inolvidables.<\/span><\/p>\n<p><span style=\"font-weight: 400;\">Estamos aqu\u00ed para causar bang en el mundo del dise\u00f1o y la creatividad.<\/span><\/p>\n\t<\/div>\n<\/div>\n\n\n\n\n\t\t\t<\/div> \n\t\t<\/div>\n\t<\/div> \n\n\t<div  class=\"vc_col-sm-4 wpb_column column_container vc_column_container col no-extra-padding inherit_tablet inherit_phone\"  data-padding-pos=\"all\" data-has-bg-color=\"false\" data-bg-color=\"\" data-bg-opacity=\"1\" data-animation=\"\" data-delay=\"0\" >\n\t\t<div class=\"vc_column-inner\" >\n\t\t\t<div class=\"wpb_wrapper\">\n\t\t\t\t\n\t\t\t<\/div> \n\t\t<\/div>\n\t<\/div> \n<\/div><\/div>","protected":false},"excerpt":{"rendered":"We Are Bang CreativoYour Premier Creative Design Agency Bang Creativo stands as your trusted partner in creative design, strategically headquartered in San Diego, USA, and Tijuana, Mexico, yet serving clients...","protected":false},"author":1,"featured_media":0,"parent":0,"menu_order":0,"comment_status":"open","ping_status":"closed","template":"","meta":{"footnotes":""},"class_list":["post-7687","page","type-page","status-publish"],"yoast_head":"\n<title>About Us &#187; Bang Creativo<\/title>\n<meta name=\"description\" content=\"Creative studio located in San Diego and Tijuana, Mexico. We love working with clients from all around. Design, Web, Digital Marketing.\" \/>\n<meta name=\"robots\" content=\"index, follow, max-snippet:-1, max-image-preview:large, max-video-preview:-1\" \/>\n<link rel=\"canonical\" href=\"https:\/\/bangcreativo.com\/es\/about-us\/\" \/>\n<meta property=\"og:locale\" content=\"es_MX\" \/>\n<meta property=\"og:type\" content=\"article\" \/>\n<meta property=\"og:title\" content=\"About Us &#187; Bang Creativo\" \/>\n<meta property=\"og:description\" content=\"Creative studio located in San Diego and Tijuana, Mexico. We love working with clients from all around. Design, Web, Digital Marketing.\" \/>\n<meta property=\"og:url\" content=\"https:\/\/bangcreativo.com\/es\/about-us\/\" \/>\n<meta property=\"og:site_name\" content=\"Bang Creativo\" \/>\n<meta property=\"article:publisher\" content=\"https:\/\/www.facebook.com\/bangcreativo\/\" \/>\n<meta property=\"article:modified_time\" content=\"2024-08-16T06:27:42+00:00\" \/>\n<meta name=\"twitter:card\" content=\"summary_large_image\" \/>\n<meta name=\"twitter:label1\" content=\"Tiempo de lectura\" \/>\n\t<meta name=\"twitter:data1\" content=\"6 minutos\" \/>\n<script type=\"application\/ld+json\" class=\"yoast-schema-graph\">{\"@context\":\"https:\/\/schema.org\",\"@graph\":[{\"@type\":[\"WebPage\",\"AboutPage\"],\"@id\":\"https:\/\/bangcreativo.com\/about-us\/\",\"url\":\"https:\/\/bangcreativo.com\/about-us\/\",\"name\":\"About Us &#187; Bang Creativo\",\"isPartOf\":{\"@id\":\"https:\/\/bangcreativo.com\/#website\"},\"datePublished\":\"2024-08-15T20:32:30+00:00\",\"dateModified\":\"2024-08-16T06:27:42+00:00\",\"description\":\"Creative studio located in San Diego and Tijuana, Mexico. We love working with clients from all around. Design, Web, Digital Marketing.\",\"breadcrumb\":{\"@id\":\"https:\/\/bangcreativo.com\/about-us\/#breadcrumb\"},\"inLanguage\":\"es\",\"potentialAction\":[{\"@type\":\"ReadAction\",\"target\":[\"https:\/\/bangcreativo.com\/about-us\/\"]}]},{\"@type\":\"BreadcrumbList\",\"@id\":\"https:\/\/bangcreativo.com\/about-us\/#breadcrumb\",\"itemListElement\":[{\"@type\":\"ListItem\",\"position\":1,\"name\":\"Home\",\"item\":\"https:\/\/bangcreativo.com\/\"},{\"@type\":\"ListItem\",\"position\":2,\"name\":\"About Us\"}]},{\"@type\":\"WebSite\",\"@id\":\"https:\/\/bangcreativo.com\/#website\",\"url\":\"https:\/\/bangcreativo.com\/\",\"name\":\"Bang Creativo\",\"description\":\"Graphic Design, Websites, Social Media, Digital Marketing\",\"publisher\":{\"@id\":\"https:\/\/bangcreativo.com\/#organization\"},\"potentialAction\":[{\"@type\":\"SearchAction\",\"target\":{\"@type\":\"EntryPoint\",\"urlTemplate\":\"https:\/\/bangcreativo.com\/?s={search_term_string}\"},\"query-input\":{\"@type\":\"PropertyValueSpecification\",\"valueRequired\":true,\"valueName\":\"search_term_string\"}}],\"inLanguage\":\"es\"},{\"@type\":\"Organization\",\"@id\":\"https:\/\/bangcreativo.com\/#organization\",\"name\":\"Bang Creativo\",\"url\":\"https:\/\/bangcreativo.com\/\",\"logo\":{\"@type\":\"ImageObject\",\"inLanguage\":\"es\",\"@id\":\"https:\/\/bangcreativo.com\/#\/schema\/logo\/image\/\",\"url\":\"https:\/\/bangcreativo.com\/rabomon\/uploads\/2019\/07\/logo-b.png\",\"contentUrl\":\"https:\/\/bangcreativo.com\/rabomon\/uploads\/2019\/07\/logo-b.png\",\"width\":200,\"height\":78,\"caption\":\"Bang Creativo\"},\"image\":{\"@id\":\"https:\/\/bangcreativo.com\/#\/schema\/logo\/image\/\"},\"sameAs\":[\"https:\/\/www.facebook.com\/bangcreativo\/\",\"https:\/\/www.instagram.com\/bang_creativo\/\"]}]}<\/script>\n","yoast_head_json":{"title":"About Us &#187; Bang Creativo","description":"Creative studio located in San Diego and Tijuana, Mexico. We love working with clients from all around. Design, Web, Digital Marketing.","robots":{"index":"index","follow":"follow","max-snippet":"max-snippet:-1","max-image-preview":"max-image-preview:large","max-video-preview":"max-video-preview:-1"},"canonical":"https:\/\/bangcreativo.com\/es\/about-us\/","og_locale":"es_MX","og_type":"article","og_title":"About Us &#187; Bang Creativo","og_description":"Creative studio located in San Diego and Tijuana, Mexico. We love working with clients from all around. Design, Web, Digital Marketing.","og_url":"https:\/\/bangcreativo.com\/es\/about-us\/","og_site_name":"Bang Creativo","article_publisher":"https:\/\/www.facebook.com\/bangcreativo\/","article_modified_time":"2024-08-16T06:27:42+00:00","twitter_card":"summary_large_image","twitter_misc":{"Tiempo de lectura":"6 minutos"},"schema":{"@context":"https:\/\/schema.org","@graph":[{"@type":["WebPage","AboutPage"],"@id":"https:\/\/bangcreativo.com\/about-us\/","url":"https:\/\/bangcreativo.com\/about-us\/","name":"About Us &#187; Bang Creativo","isPartOf":{"@id":"https:\/\/bangcreativo.com\/#website"},"datePublished":"2024-08-15T20:32:30+00:00","dateModified":"2024-08-16T06:27:42+00:00","description":"Creative studio located in San Diego and Tijuana, Mexico. We love working with clients from all around. Design, Web, Digital Marketing.","breadcrumb":{"@id":"https:\/\/bangcreativo.com\/about-us\/#breadcrumb"},"inLanguage":"es","potentialAction":[{"@type":"ReadAction","target":["https:\/\/bangcreativo.com\/about-us\/"]}]},{"@type":"BreadcrumbList","@id":"https:\/\/bangcreativo.com\/about-us\/#breadcrumb","itemListElement":[{"@type":"ListItem","position":1,"name":"Home","item":"https:\/\/bangcreativo.com\/"},{"@type":"ListItem","position":2,"name":"About Us"}]},{"@type":"WebSite","@id":"https:\/\/bangcreativo.com\/#website","url":"https:\/\/bangcreativo.com\/","name":"Bang Creativo","description":"Graphic Design, Websites, Social Media, Digital Marketing","publisher":{"@id":"https:\/\/bangcreativo.com\/#organization"},"potentialAction":[{"@type":"SearchAction","target":{"@type":"EntryPoint","urlTemplate":"https:\/\/bangcreativo.com\/?s={search_term_string}"},"query-input":{"@type":"PropertyValueSpecification","valueRequired":true,"valueName":"search_term_string"}}],"inLanguage":"es"},{"@type":"Organization","@id":"https:\/\/bangcreativo.com\/#organization","name":"Bang Creativo","url":"https:\/\/bangcreativo.com\/","logo":{"@type":"ImageObject","inLanguage":"es","@id":"https:\/\/bangcreativo.com\/#\/schema\/logo\/image\/","url":"https:\/\/bangcreativo.com\/rabomon\/uploads\/2019\/07\/logo-b.png","contentUrl":"https:\/\/bangcreativo.com\/rabomon\/uploads\/2019\/07\/logo-b.png","width":200,"height":78,"caption":"Bang Creativo"},"image":{"@id":"https:\/\/bangcreativo.com\/#\/schema\/logo\/image\/"},"sameAs":["https:\/\/www.facebook.com\/bangcreativo\/","https:\/\/www.instagram.com\/bang_creativo\/"]}]}},"_links":{"self":[{"href":"https:\/\/bangcreativo.com\/es\/wp-json\/wp\/v2\/pages\/7687","targetHints":{"allow":["GET"]}}],"collection":[{"href":"https:\/\/bangcreativo.com\/es\/wp-json\/wp\/v2\/pages"}],"about":[{"href":"https:\/\/bangcreativo.com\/es\/wp-json\/wp\/v2\/types\/page"}],"author":[{"embeddable":true,"href":"https:\/\/bangcreativo.com\/es\/wp-json\/wp\/v2\/users\/1"}],"replies":[{"embeddable":true,"href":"https:\/\/bangcreativo.com\/es\/wp-json\/wp\/v2\/comments?post=7687"}],"version-history":[{"count":1,"href":"https:\/\/bangcreativo.com\/es\/wp-json\/wp\/v2\/pages\/7687\/revisions"}],"predecessor-version":[{"id":9152,"href":"https:\/\/bangcreativo.com\/es\/wp-json\/wp\/v2\/pages\/7687\/revisions\/9152"}],"wp:attachment":[{"href":"https:\/\/bangcreativo.com\/es\/wp-json\/wp\/v2\/media?parent=7687"}],"curies":[{"name":"wp","href":"https:\/\/api.w.org\/{rel}","templated":true}]}}